{"id":23716,"date":"2026-01-23T06:59:50","date_gmt":"2026-01-23T06:59:50","guid":{"rendered":"https:\/\/aouesfares-auto.com\/?page_id=23716"},"modified":"2026-01-23T07:13:21","modified_gmt":"2026-01-23T07:13:21","slug":"faq-foire-aux-questions","status":"publish","type":"page","link":"https:\/\/aouesfares-auto.com\/?page_id=23716","title":{"rendered":"FAQ &#8211; Foire Aux Questions"},"content":{"rendered":"\t\t<div data-elementor-type=\"wp-page\" data-elementor-id=\"23716\" class=\"elementor elementor-23716\" data-elementor-post-type=\"page\">\n\t\t\t\t<div class=\"elementor-element elementor-element-7150708 e-flex e-con-boxed e-con e-parent\" data-id=\"7150708\" data-element_type=\"container\" data-e-type=\"container\">\n\t\t\t\t\t<div class=\"e-con-inner\">\n\t\t\t\t<div class=\"elementor-element elementor-element-13b6513 elementor-widget elementor-widget-html\" data-id=\"13b6513\" data-element_type=\"widget\" data-e-type=\"widget\" data-widget_type=\"html.default\">\n\t\t\t\t\t<!-- HTML de l'accord\u00e9on Elementor -->\r\n<h1 style=\"text-align: center; margin-bottom: 30px;\"><strong>QUESTIONS FR\u00c9QUENTES<\/strong><\/h1>\r\n<div class=\"elementor-element elementor-element-145bf8c vehica-accordion elementor-widget__width-initial elementor-widget elementor-widget-accordion\" data-id=\"145bf8c\" data-element_type=\"widget\" data-widget_type=\"accordion.default\">\r\n    <div class=\"elementor-widget-container\">\r\n        <div class=\"elementor-accordion\">\r\n            <div class=\"elementor-accordion-item\">\r\n                <div id=\"elementor-tab-title-2131\" class=\"elementor-tab-title\" data-tab=\"1\" role=\"button\" aria-controls=\"elementor-tab-content-2131\" aria-expanded=\"false\">\r\n                    <span class=\"elementor-accordion-icon elementor-accordion-icon-left\" aria-hidden=\"true\">\r\n                        <span class=\"elementor-accordion-icon-closed\">\r\n                            <svg class=\"e-font-icon-svg e-fas-chevron-down\" viewbox=\"0 0 448 512\" xmlns=\"http:\/\/www.w3.org\/2000\/svg\">\r\n                                <path d=\"M207.029 381.476L12.686 187.132c-9.373-9.373-9.373-24.569 0-33.941l22.667-22.667c9.357-9.357 24.522-9.375 33.901-.04L224 284.505l154.745-154.021c9.379-9.335 24.544-9.317 33.901.04l22.667 22.667c9.373 9.373 9.373 24.569 0 33.941L240.971 381.476c-9.373 9.372-24.569 9.372-33.942 0z\"><\/path>\r\n                            <\/svg>\r\n                        <\/span>\r\n                        <span class=\"elementor-accordion-icon-opened\">\r\n                            <svg class=\"e-font-icon-svg e-fas-chevron-up\" viewbox=\"0 0 448 512\" xmlns=\"http:\/\/www.w3.org\/2000\/svg\">\r\n                                <path d=\"M240.971 130.524l194.343 194.343c9.373 9.373 9.373 24.569 0 33.941l-22.667 22.667c-9.357 9.357-24.522 9.375-33.901.04L224 227.495 69.255 381.516c-9.379 9.335-24.544 9.317-33.901-.04l-22.667-22.667c-9.373-9.373-9.373-24.569 0-33.941L207.03 130.525c9.372-9.373 24.568-9.373 33.941-.001z\"><\/path>\r\n                            <\/svg>\r\n                        <\/span>\r\n                    <\/span>\r\n                    <a class=\"elementor-accordion-title\" tabindex=\"0\">Qui sommes-nous ?<\/a>\r\n                <\/div>\r\n                <div id=\"elementor-tab-content-2131\" class=\"elementor-tab-content elementor-clearfix\" data-tab=\"1\" role=\"region\" aria-labelledby=\"elementor-tab-title-2131\">\r\n                    <p>www.aouesfares-auto.com est le site de vente en ligne qui rassemble l'ensemble des v\u00e9hicules d'occasion du groupe AOUES FARES, acteur majeur de la distribution automobile avec plus de 50 concessions en France. Des milliers de v\u00e9hicules d'occasion avec un service complet : de la reprise de votre v\u00e9hicule, au financement et \u00e0 la livraison \u00e0 domicile.<\/p>\r\n                <\/div>\r\n            <\/div>\r\n            \r\n            <div class=\"elementor-accordion-item\">\r\n                <div id=\"elementor-tab-title-2132\" class=\"elementor-tab-title\" data-tab=\"2\" role=\"button\" aria-controls=\"elementor-tab-content-2132\" aria-expanded=\"false\">\r\n                    <span class=\"elementor-accordion-icon elementor-accordion-icon-left\" aria-hidden=\"true\">\r\n                        <span class=\"elementor-accordion-icon-closed\">\r\n                            <svg class=\"e-font-icon-svg e-fas-chevron-down\" viewbox=\"0 0 448 512\" xmlns=\"http:\/\/www.w3.org\/2000\/svg\">\r\n                                <path d=\"M207.029 381.476L12.686 187.132c-9.373-9.373-9.373-24.569 0-33.941l22.667-22.667c9.357-9.357 24.522-9.375 33.901-.04L224 284.505l154.745-154.021c9.379-9.335 24.544-9.317 33.901.04l22.667 22.667c9.373 9.373 9.373 24.569 0 33.941L240.971 381.476c-9.373 9.372-24.569 9.372-33.942 0z\"><\/path>\r\n                            <\/svg>\r\n                        <\/span>\r\n                        <span class=\"elementor-accordion-icon-opened\">\r\n                            <svg class=\"e-font-icon-svg e-fas-chevron-up\" viewbox=\"0 0 448 512\" xmlns=\"http:\/\/www.w3.org\/2000\/svg\">\r\n                                <path d=\"M240.971 130.524l194.343 194.343c9.373 9.373 9.373 24.569 0 33.941l-22.667 22.667c-9.357 9.357-24.522 9.375-33.901.04L224 227.495 69.255 381.516c-9.379 9.335-24.544 9.317-33.901-.04l-22.667-22.667c-9.373-9.373-9.373-24.569 0-33.941L207.03 130.525c9.372-9.373 24.568-9.373 33.941-.001z\"><\/path>\r\n                            <\/svg>\r\n                        <\/span>\r\n                    <\/span>\r\n                    <a class=\"elementor-accordion-title\" tabindex=\"0\">Pourquoi acheter ma voiture chez AOUES FARES?<\/a>\r\n                <\/div>\r\n                <div id=\"elementor-tab-content-2132\" class=\"elementor-tab-content elementor-clearfix\" data-tab=\"2\" role=\"region\" aria-labelledby=\"elementor-tab-title-2132\">\r\n                    <p>Nos engagements qualit\u00e9 :<br>\r\n                    - S\u00e9lection des v\u00e9hicules : Les v\u00e9hicules propos\u00e9s par AOUES FARES sont s\u00e9lectionn\u00e9s selon un cahier des charges pr\u00e9cis par des professionnels de l'automobile.<br>\r\n                    - Pr\u00e9paration et contr\u00f4le : Au minimum 80 points de contr\u00f4le et parfois davantage en fonction de labels occasion.<br>\r\n                    - Les garanties : Chaque v\u00e9hicule propos\u00e9 b\u00e9n\u00e9ficie d'une garantie de 6 mois \u00e0 36 mois<br>\r\n                    - L'option SATISFAIT OU REMBOURSE: Dans le cas d'un achat \u00e0 distance, le d\u00e9lai est de 14 jours \u00e0 partir de la date de livraison (Se r\u00e9f\u00e9rer aux conditions g\u00e9n\u00e9rales de ventes)<\/p>\r\n                <\/div>\r\n            <\/div>\r\n            \r\n            <div class=\"elementor-accordion-item\">\r\n                <div id=\"elementor-tab-title-2133\" class=\"elementor-tab-title\" data-tab=\"3\" role=\"button\" aria-controls=\"elementor-tab-content-2133\" aria-expanded=\"false\">\r\n                    <span class=\"elementor-accordion-icon elementor-accordion-icon-left\" aria-hidden=\"true\">\r\n                        <span class=\"elementor-accordion-icon-closed\">\r\n                            <svg class=\"e-font-icon-svg e-fas-chevron-down\" viewbox=\"0 0 448 512\" xmlns=\"http:\/\/www.w3.org\/2000\/svg\">\r\n                                <path d=\"M207.029 381.476L12.686 187.132c-9.373-9.373-9.373-24.569 0-33.941l22.667-22.667c9.357-9.357 24.522-9.375 33.901-.04L224 284.505l154.745-154.021c9.379-9.335 24.544-9.317 33.901.04l22.667 22.667c9.373 9.373 9.373 24.569 0 33.941L240.971 381.476c-9.373 9.372-24.569 9.372-33.942 0z\"><\/path>\r\n                            <\/svg>\r\n                        <\/span>\r\n                        <span class=\"elementor-accordion-icon-opened\">\r\n                            <svg class=\"e-font-icon-svg e-fas-chevron-up\" viewbox=\"0 0 448 512\" xmlns=\"http:\/\/www.w3.org\/2000\/svg\">\r\n                                <path d=\"M240.971 130.524l194.343 194.343c9.373 9.373 9.373 24.569 0 33.941l-22.667 22.667c-9.357 9.357-24.522 9.375-33.901.04L224 227.495 69.255 381.516c-9.379 9.335-24.544 9.317-33.901-.04l-22.667-22.667c-9.373-9.373-9.373-24.569 0-33.941L207.03 130.525c9.372-9.373 24.568-9.373 33.941-.001z\"><\/path>\r\n                            <\/svg>\r\n                        <\/span>\r\n                    <\/span>\r\n                    <a class=\"elementor-accordion-title\" tabindex=\"0\">Comment nous contacter ?<\/a>\r\n                <\/div>\r\n                <div id=\"elementor-tab-content-2133\" class=\"elementor-tab-content elementor-clearfix\" data-tab=\"3\" role=\"region\" aria-labelledby=\"elementor-tab-title-2133\">\r\n                    <p>Pour nous contacter c'est simple, rendez-vous sur la page d'accueil du site internet AOUES FARES, puis cliquez sur \u00ab Nous contacter \u00bb, vous trouverez tous les moyens de contact possibles en fonction de vos besoins.<\/p>\r\n                <\/div>\r\n            <\/div>\r\n            \r\n            <div class=\"elementor-accordion-item\">\r\n                <div id=\"elementor-tab-title-2134\" class=\"elementor-tab-title\" data-tab=\"4\" role=\"button\" aria-controls=\"elementor-tab-content-2134\" aria-expanded=\"false\">\r\n                    <span class=\"elementor-accordion-icon elementor-accordion-icon-left\" aria-hidden=\"true\">\r\n                        <span class=\"elementor-accordion-icon-closed\">\r\n                            <svg class=\"e-font-icon-svg e-fas-chevron-down\" viewbox=\"0 0 448 512\" xmlns=\"http:\/\/www.w3.org\/2000\/svg\">\r\n                                <path d=\"M207.029 381.476L12.686 187.132c-9.373-9.373-9.373-24.569 0-33.941l22.667-22.667c9.357-9.357 24.522-9.375 33.901-.04L224 284.505l154.745-154.021c9.379-9.335 24.544-9.317 33.901.04l22.667 22.667c9.373 9.373 9.373 24.569 0 33.941L240.971 381.476c-9.373 9.372-24.569 9.372-33.942 0z\"><\/path>\r\n                            <\/svg>\r\n                        <\/span>\r\n                        <span class=\"elementor-accordion-icon-opened\">\r\n                            <svg class=\"e-font-icon-svg e-fas-chevron-up\" viewbox=\"0 0 448 512\" xmlns=\"http:\/\/www.w3.org\/2000\/svg\">\r\n                                <path d=\"M240.971 130.524l194.343 194.343c9.373 9.373 9.373 24.569 0 33.941l-22.667 22.667c-9.357 9.357-24.522 9.375-33.901.04L224 227.495 69.255 381.516c-9.379 9.335-24.544 9.317-33.901-.04l-22.667-22.667c-9.373-9.373-9.373-24.569 0-33.941L207.03 130.525c9.372-9.373 24.568-9.373 33.941-.001z\"><\/path>\r\n                            <\/svg>\r\n                        <\/span>\r\n                    <\/span>\r\n                    <a class=\"elementor-accordion-title\" tabindex=\"0\">Quels sont les d\u00e9lais de commande et de livraison ?<\/a>\r\n                <\/div>\r\n                <div id=\"elementor-tab-content-2134\" class=\"elementor-tab-content elementor-clearfix\" data-tab=\"4\" role=\"region\" aria-labelledby=\"elementor-tab-title-2134\">\r\n                    <div>En moyenne, votre v\u00e9hicule est livr\u00e9 dans les 5 jours suivants la commande.<\/div>\r\n                    <div>\r\n                        <div>\r\n                            <div>\r\n                                <div>Vous n'avez pas besoin de bloquer une journ\u00e9e, nous organisons la livraison sur un cr\u00e9neau d'une heure.<\/div>\r\n                            <\/div>\r\n                        <\/div>\r\n                    <\/div>\r\n                <\/div>\r\n            <\/div>\r\n            \r\n            <div class=\"elementor-accordion-item\">\r\n                <div id=\"elementor-tab-title-2135\" class=\"elementor-tab-title\" data-tab=\"5\" role=\"button\" aria-controls=\"elementor-tab-content-2135\" aria-expanded=\"false\">\r\n                    <span class=\"elementor-accordion-icon elementor-accordion-icon-left\" aria-hidden=\"true\">\r\n                        <span class=\"elementor-accordion-icon-closed\">\r\n                            <svg class=\"e-font-icon-svg e-fas-chevron-down\" viewbox=\"0 0 448 512\" xmlns=\"http:\/\/www.w3.org\/2000\/svg\">\r\n                                <path d=\"M207.029 381.476L12.686 187.132c-9.373-9.373-9.373-24.569 0-33.941l22.667-22.667c9.357-9.357 24.522-9.375 33.901-.04L224 284.505l154.745-154.021c9.379-9.335 24.544-9.317 33.901.04l22.667 22.667c9.373 9.373 9.373 24.569 0 33.941L240.971 381.476c-9.373 9.372-24.569 9.372-33.942 0z\"><\/path>\r\n                            <\/svg>\r\n                        <\/span>\r\n                        <span class=\"elementor-accordion-icon-opened\">\r\n                            <svg class=\"e-font-icon-svg e-fas-chevron-up\" viewbox=\"0 0 448 512\" xmlns=\"http:\/\/www.w3.org\/2000\/svg\">\r\n                                <path d=\"M240.971 130.524l194.343 194.343c9.373 9.373 9.373 24.569 0 33.941l-22.667 22.667c-9.357 9.357-24.522 9.375-33.901.04L224 227.495 69.255 381.516c-9.379 9.335-24.544 9.317-33.901-.04l-22.667-22.667c-9.373-9.373-9.373-24.569 0-33.941L207.03 130.525c9.372-9.373 24.568-9.373 33.941-.001z\"><\/path>\r\n                            <\/svg>\r\n                        <\/span>\r\n                    <\/span>\r\n                    <a class=\"elementor-accordion-title\" tabindex=\"0\">Comment sera livr\u00e9 mon v\u00e9hicule ?<\/a>\r\n                <\/div>\r\n                <div id=\"elementor-tab-content-2135\" class=\"elementor-tab-content elementor-clearfix\" data-tab=\"5\" role=\"region\" aria-labelledby=\"elementor-tab-title-2135\">\r\n                    <div class=\"pt-3 pb-2 sm:py-5 md:pb-4 xl:py-3.5\">\r\n                        <div class=\"overflow-hidden transition-all duration-300 ease-out px-14 sm:px-22 xl:px-11 2xl:px-20\" data-toggle-target=\"content\" data-value=\"10\">\r\n                            <div class=\"pt-3 text-sm\">\r\n                                <div>Un chauffeur professionnel conduira votre v\u00e9hicule jusqu'au lieu de livraison. Ce dernier est form\u00e9 pour vous garantir la meilleure livraison possible.<\/div>\r\n                            <\/div>\r\n                        <\/div>\r\n                    <\/div>\r\n                    <div class=\"pt-3 pb-2 sm:py-5 md:pb-4 xl:py-3.5\"> <\/div>\r\n                <\/div>\r\n            <\/div>\r\n        <\/div>\r\n    <\/div>\r\n<\/div>\r\n\r\n<style>\r\n\/* Styles pour l'accord\u00e9on Elementor *\/\r\n.elementor-accordion {\r\n    background: #fff;\r\n    border-radius: 8px;\r\n    box-shadow: 0 2px 10px rgba(0, 0, 0, 0.1);\r\n    overflow: hidden;\r\n    max-width: 100%;\r\n    width: 100%;\r\n}\r\n\r\n.elementor-accordion-item {\r\n    border-bottom: 1px solid #eaeaea;\r\n}\r\n\r\n.elementor-accordion-item:last-child {\r\n    border-bottom: none;\r\n}\r\n\r\n.elementor-tab-title {\r\n    padding: 20px 25px;\r\n    background: #fff;\r\n    cursor: pointer;\r\n    display: flex;\r\n    align-items: center;\r\n    transition: all 0.3s ease;\r\n    color: #333;\r\n    font-size: 18px;\r\n    font-weight: 600;\r\n    margin: 0;\r\n    width: 100%;\r\n    text-align: left;\r\n}\r\n\r\n.elementor-tab-title:hover {\r\n    background: #f9f9f9;\r\n    color: #ff4605;\r\n}\r\n\r\n\/* Positionnement de l'ic\u00f4ne \u00e0 gauche *\/\r\n.elementor-accordion-icon {\r\n    display: inline-flex;\r\n    align-items: center;\r\n    justify-content: center;\r\n    width: 20px;\r\n    height: 20px;\r\n    transition: transform 0.3s ease;\r\n    margin-right: 15px;\r\n    flex-shrink: 0;\r\n}\r\n\r\n.elementor-accordion-icon.elementor-accordion-icon-left {\r\n    order: 1;\r\n}\r\n\r\n.elementor-accordion-title {\r\n    order: 2;\r\n    flex-grow: 1;\r\n    text-align: left;\r\n}\r\n\r\n.elementor-accordion-icon svg {\r\n    width: 15px;\r\n    height: 15px;\r\n    fill: #ff4605;\r\n}\r\n\r\n.elementor-accordion-icon-closed {\r\n    display: block;\r\n}\r\n\r\n.elementor-accordion-icon-opened {\r\n    display: none;\r\n}\r\n\r\n.elementor-tab-title[aria-expanded=\"true\"] .elementor-accordion-icon-closed {\r\n    display: none;\r\n}\r\n\r\n.elementor-tab-title[aria-expanded=\"true\"] .elementor-accordion-icon-opened {\r\n    display: block;\r\n}\r\n\r\n.elementor-tab-title[aria-expanded=\"true\"] .elementor-accordion-icon {\r\n    transform: rotate(180deg);\r\n}\r\n\r\n.elementor-tab-content {\r\n    padding: 0 25px;\r\n    max-height: 0;\r\n    overflow: hidden;\r\n    transition: all 0.3s ease;\r\n    background: #fff;\r\n}\r\n\r\n.elementor-tab-title[aria-expanded=\"true\"] + .elementor-tab-content {\r\n    padding: 25px;\r\n    max-height: 1000px;\r\n}\r\n\r\n.elementor-tab-content p {\r\n    color: #666;\r\n    line-height: 1.6;\r\n    margin-bottom: 15px;\r\n    font-size: 16px;\r\n    text-align: left;\r\n}\r\n\r\n.elementor-tab-content ul {\r\n    list-style-type: none;\r\n    padding-left: 0;\r\n    margin-bottom: 20px;\r\n    text-align: left;\r\n}\r\n\r\n.elementor-tab-content li {\r\n    color: #666;\r\n    line-height: 1.6;\r\n    margin-bottom: 10px;\r\n    padding-left: 20px;\r\n    position: relative;\r\n    font-size: 16px;\r\n    text-align: left;\r\n}\r\n\r\n.elementor-tab-content li:before {\r\n    content: \"\u2022\";\r\n    color: #ff4605;\r\n    position: absolute;\r\n    left: 0;\r\n    font-size: 20px;\r\n}\r\n\r\n.elementor-tab-content div {\r\n    color: #666;\r\n    line-height: 1.6;\r\n    margin-bottom: 15px;\r\n    font-size: 16px;\r\n    text-align: left;\r\n}\r\n\r\n\/* Styles pour le titre principal *\/\r\nh1 {\r\n    text-align: center;\r\n    margin-bottom: 30px;\r\n    color: #333;\r\n    font-size: 32px;\r\n}\r\n\r\n\/* Styles responsives *\/\r\n@media (max-width: 768px) {\r\n    .elementor-tab-title {\r\n        padding: 15px 20px;\r\n        font-size: 16px;\r\n    }\r\n    \r\n    .elementor-tab-content {\r\n        padding: 0 20px;\r\n    }\r\n    \r\n    .elementor-tab-title[aria-expanded=\"true\"] + .elementor-tab-content {\r\n        padding: 20px;\r\n    }\r\n    \r\n    .elementor-tab-content p,\r\n    .elementor-tab-content li,\r\n    .elementor-tab-content div {\r\n        font-size: 14px;\r\n    }\r\n    \r\n    h1 {\r\n        font-size: 24px;\r\n        margin-bottom: 20px;\r\n    }\r\n    \r\n    .elementor-accordion-icon {\r\n        margin-right: 12px;\r\n    }\r\n}\r\n\r\n\/* Couleur principale (orange) comme dans le th\u00e8me original *\/\r\n.elementor-accordion-icon svg {\r\n    fill: #ff4605;\r\n}\r\n\r\n.elementor-tab-title:hover {\r\n    color: #ff4605;\r\n}\r\n\r\n.elementor-tab-content li:before {\r\n    color: #ff4605;\r\n}\r\n\r\n\/* Fix pour l'alignement *\/\r\n.elementor-accordion-title {\r\n    display: block;\r\n    width: calc(100% - 35px);\r\n}\r\n<\/style>\r\n\r\n<script>\r\n\/\/ Script pour la fonctionnalit\u00e9 de l'accord\u00e9on\r\ndocument.addEventListener('DOMContentLoaded', function() {\r\n    const accordionTitles = document.querySelectorAll('.elementor-tab-title');\r\n    \r\n    accordionTitles.forEach(title => {\r\n        title.addEventListener('click', function() {\r\n            const isExpanded = this.getAttribute('aria-expanded') === 'true';\r\n            \r\n            \/\/ Fermer tous les autres items\r\n            accordionTitles.forEach(otherTitle => {\r\n                if (otherTitle !== this) {\r\n                    otherTitle.setAttribute('aria-expanded', 'false');\r\n                    const otherContent = document.getElementById(otherTitle.getAttribute('aria-controls'));\r\n                    if (otherContent) {\r\n                        otherContent.style.maxHeight = '0';\r\n                        otherContent.style.padding = '0 25px';\r\n                    }\r\n                }\r\n            });\r\n            \r\n            \/\/ Basculer l'\u00e9tat actuel\r\n            this.setAttribute('aria-expanded', !isExpanded);\r\n            const content = document.getElementById(this.getAttribute('aria-controls'));\r\n            \r\n            if (content) {\r\n                if (!isExpanded) {\r\n                    content.style.maxHeight = content.scrollHeight + 'px';\r\n                    content.style.padding = '25px';\r\n                } else {\r\n                    content.style.maxHeight = '0';\r\n                    content.style.padding = '0 25px';\r\n                }\r\n            }\r\n        });\r\n        \r\n        \/\/ Support pour la navigation au clavier\r\n        title.addEventListener('keydown', function(e) {\r\n            if (e.key === 'Enter' || e.key === ' ') {\r\n                e.preventDefault();\r\n                this.click();\r\n            }\r\n        });\r\n    });\r\n});\r\n<\/script>\t\t\t\t<\/div>\n\t\t\t\t\t<\/div>\n\t\t\t\t<\/div>\n\t\t\t\t<\/div>\n\t\t","protected":false},"excerpt":{"rendered":"<p>QUESTIONS FR\u00c9QUENTES Qui sommes-nous ? www.aouesfares-auto.com est le site de vente en ligne qui rassemble l&rsquo;ensemble des v\u00e9hicules d&rsquo;occasion du groupe AOUES FARES, acteur majeur de la distribution automobile avec plus de 50 concessions en France. Des milliers de v\u00e9hicules d&rsquo;occasion avec un service complet : de la reprise de votre v\u00e9hicule, au financement et [&hellip;]<\/p>\n","protected":false},"author":1,"featured_media":0,"parent":0,"menu_order":0,"comment_status":"closed","ping_status":"closed","template":"","meta":{"footnotes":""},"class_list":["post-23716","page","type-page","status-publish","hentry"],"_hostinger_reach_plugin_has_subscription_block":false,"_hostinger_reach_plugin_is_elementor":false,"_links":{"self":[{"href":"https:\/\/aouesfares-auto.com\/index.php?rest_route=\/wp\/v2\/pages\/23716","targetHints":{"allow":["GET"]}}],"collection":[{"href":"https:\/\/aouesfares-auto.com\/index.php?rest_route=\/wp\/v2\/pages"}],"about":[{"href":"https:\/\/aouesfares-auto.com\/index.php?rest_route=\/wp\/v2\/types\/page"}],"author":[{"embeddable":true,"href":"https:\/\/aouesfares-auto.com\/index.php?rest_route=\/wp\/v2\/users\/1"}],"replies":[{"embeddable":true,"href":"https:\/\/aouesfares-auto.com\/index.php?rest_route=%2Fwp%2Fv2%2Fcomments&post=23716"}],"version-history":[{"count":10,"href":"https:\/\/aouesfares-auto.com\/index.php?rest_route=\/wp\/v2\/pages\/23716\/revisions"}],"predecessor-version":[{"id":23727,"href":"https:\/\/aouesfares-auto.com\/index.php?rest_route=\/wp\/v2\/pages\/23716\/revisions\/23727"}],"wp:attachment":[{"href":"https:\/\/aouesfares-auto.com\/index.php?rest_route=%2Fwp%2Fv2%2Fmedia&parent=23716"}],"curies":[{"name":"wp","href":"https:\/\/api.w.org\/{rel}","templated":true}]}}